{"id":6,"date":"2022-08-15T08:24:40","date_gmt":"2022-08-15T08:24:40","guid":{"rendered":"https:\/\/startersites.io\/blocksy\/renovation\/?page_id=6"},"modified":"2025-02-05T18:26:54","modified_gmt":"2025-02-05T18:26:54","slug":"home","status":"publish","type":"page","link":"https:\/\/pralnia-ara.pl\/","title":{"rendered":"Home"},"content":{"rendered":"\n<div class=\"wp-block-stackable-columns stk-block-columns stk-block stk-0d7a6f8\" data-block-id=\"0d7a6f8\"><style>.stk-0d7a6f8 {margin-bottom:0px !important;}.stk-0d7a6f8-column{--stk-column-gap:10px !important;}@media screen and (max-width:689px){.stk-0d7a6f8 {margin-bottom:0px !important;}}<\/style><div class=\"stk-row stk-inner-blocks stk-block-content stk-content-align stk-0d7a6f8-column\">\n<div class=\"wp-block-stackable-column stk-block-column stk-column stk-block stk-5edb462\" data-v=\"4\" data-block-id=\"5edb462\"><style>.stk-5edb462-container{margin-top:0px !important;margin-right:0px !important;margin-bottom:0px !important;margin-left:0px !important;}.stk-5edb462 {align-self:center !important;padding-top:70px !important;padding-right:20px !important;padding-bottom:120px !important;z-index:2 !important;}@media screen and (max-width:999px){.stk-5edb462 {padding-bottom:200px !important;}}@media screen and (max-width:689px){.stk-5edb462 {padding-top:80px !important;padding-bottom:80px !important;}}<\/style><div class=\"stk-column-wrapper stk-block-column__content stk-container stk-5edb462-container stk--no-background stk--no-padding\"><div class=\"stk-block-content stk-inner-blocks stk-5edb462-inner-blocks\">\n<div class=\"wp-block-stackable-heading stk-block-heading stk-block-heading--v2 stk-block stk-8ee82f9\" id=\"span-style-color-var-palette-color-1-ff-6310-class-stk-highlight-making-span-your-vision-become-span-style-color-var-palette-color-1-ff-6310-class-stk-highlight-a-reality-span\" data-block-id=\"8ee82f9\"><style>.stk-8ee82f9 {margin-right:-250px !important;margin-bottom:50px !important;}.stk-8ee82f9 .stk-block-heading__text{font-size:60px !important;}@media screen and (max-width:999px){.stk-8ee82f9 {margin-bottom:20px !important;}.stk-8ee82f9 .stk-block-heading__text{font-size:40px !important;}}@media screen and (max-width:689px){.stk-8ee82f9 {margin-right:0px !important;}.stk-8ee82f9 .stk-block-heading__text{font-size:30px !important;}}<\/style><h2 class=\"stk-block-heading__text has-text-align-center-mobile\">Kompleksowe us\u0142ugi pralnicze dla hoteli i obiekt\u00f3w noclegowych w Kotlinie K\u0142odzkiej<\/h2><\/div>\n\n\n\n<div class=\"wp-block-stackable-text stk-block-text stk-block stk-1c8f221\" data-block-id=\"1c8f221\"><style>.stk-1c8f221 {margin-bottom:80px !important;}.stk-1c8f221 .stk-block-text__text{font-size:26px !important;color:var(--theme-palette-color-4, #1E262E) !important;}@media screen and (max-width:999px){.stk-1c8f221 {margin-bottom:50px !important;}.stk-1c8f221 .stk-block-text__text{font-size:18px !important;}}<\/style><p class=\"stk-block-text__text has-text-color has-text-align-center-mobile\"><strong>Ponad 10 lat do\u015bwiadczenia &#8211; dzia\u0142amy na Ziemi K\u0142odzkiej oferuj\u0105c najwy\u017cszej jako\u015bci us\u0142ugi pralnicze<\/strong><\/p><\/div>\n\n\n\n<p class=\"has-medium-font-size\">\u2705 Jako\u015b\u0107 na pierwszym miejscu &#8211; dbamy o ka\u017cdy szczeg\u00f3\u0142, stosujemy najlepsze \u015brodki i nowoczesne technologie prania.<\/p>\n\n\n\n<p class=\"has-medium-font-size\">\u2705 Ekskluzywna wsp\u00f3\u0142praca &#8211; obs\u0142ugujemy tylko wybrane obiekty, zapewniaj\u0105c indywidualne podej\u015bcie i pe\u0142ne zaanga\u017cowanie.<\/p>\n\n\n\n<p class=\"has-medium-font-size\">\u2705 Elastyczno\u015b\u0107 &#8211; dopasujemy si\u0119\u00a0do Twojego harmonogramu &#8211; mo\u017cliwo\u015b\u0107 odbioru i dostawy prania na zawo\u0142anie lub w wybrane dni. Posiadamy r\u00f3wnie\u017c punkt odbioru w K\u0142odzku. <\/p>\n\n\n\n<p class=\"has-medium-font-size\">\u2705 Testowe pranie dla nowych klient\u00f3w &#8211; pierwsze zam\u00f3wienie za po\u0142ow\u0119 ceny!<\/p>\n\n\n\n<p class=\"has-medium-font-size\">\u260e\ufe0f Skontaktuj si\u0119 z nami i sprawd\u017a, jak mo\u017cemy pom\u00f3c Twojemu obiektowi!<\/p>\n\n\n\n<div class=\"wp-block-stackable-button-group stk-block-button-group stk-block stk-a3f71f2\" data-block-id=\"a3f71f2\"><style>.stk-a3f71f2 .stk-button-group{flex-direction:row !important;}@media screen and (max-width:999px){.stk-a3f71f2 .stk-button-group{flex-direction:row !important;}}@media screen and (max-width:689px){.stk-a3f71f2 .stk-button-group{flex-direction:row !important;}}<\/style><div class=\"stk-row stk-inner-blocks has-text-align-center-mobile stk-block-content stk-button-group\">\n<div class=\"wp-block-stackable-button stk-block-button stk-block stk-a3a8d11\" data-block-id=\"a3a8d11\"><style>.stk-a3a8d11 {border-top-left-radius:0px !important;border-top-right-radius:0px !important;border-bottom-right-radius:0px !important;border-bottom-left-radius:0px !important;overflow:hidden !important;flex:1 0 var(--stk-button-group-flex-wrap, 0) !important;}.stk-a3a8d11 , .stk-a3a8d11 .stk-button{width:100% !important;}.stk-a3a8d11 .stk-button{padding-top:16px !important;padding-right:30px !important;padding-bottom:16px !important;padding-left:30px !important;}.stk-a3a8d11 .stk-button__inner-text{font-size:26px !important;font-weight:600 !important;text-transform:uppercase !important;}@media screen and (max-width:999px){.stk-a3a8d11 .stk-button__inner-text{font-size:26px !important;}}<\/style><a class=\"stk-link stk-button stk--hover-effect-darken\" href=\"tel:+48575553460\"><span class=\"stk-button__inner-text\">ZADZWO\u0143: <br><strong>+48 575 553 460<\/strong><\/span><\/a><\/div>\n<\/div><\/div>\n<\/div><\/div><\/div>\n<\/div><\/div>\n\n\n\n<div class=\"wp-block-stackable-columns stk-block-columns stk-block stk-b10f8a1\" data-block-id=\"b10f8a1\"><div class=\"stk-row stk-inner-blocks stk-block-content stk-content-align stk-b10f8a1-column\">\n<div class=\"wp-block-stackable-column stk-block-column stk-column stk-block stk-fa01b2e\" data-v=\"4\" data-block-id=\"fa01b2e\"><div class=\"stk-column-wrapper stk-block-column__content stk-container stk-fa01b2e-container stk--no-background stk--no-padding\"><div class=\"stk-block-content stk-inner-blocks stk-fa01b2e-inner-blocks\"><\/div><\/div><\/div>\n<\/div><\/div>\n\n\n\n<div class=\"wp-block-stackable-columns alignwide stk-block-columns stk-block stk-a49c050\" data-block-id=\"a49c050\"><style>.stk-a49c050 {margin-bottom:0px !important;}<\/style><div class=\"stk-row stk-inner-blocks stk-block-content stk-content-align stk-a49c050-column\">\n<div class=\"wp-block-stackable-column stk-block-column stk-column stk-block stk-561a53d\" data-v=\"4\" data-block-id=\"561a53d\"><div class=\"stk-column-wrapper stk-block-column__content stk-container stk-561a53d-container stk--no-background stk--no-padding\"><div class=\"stk-block-content stk-inner-blocks stk-561a53d-inner-blocks\"><\/div><\/div><\/div>\n<\/div><\/div>\n","protected":false},"excerpt":{"rendered":"<p>Kompleksowe us\u0142ugi pralnicze dla hoteli i obiekt\u00f3w noclegowych w Kotlinie K\u0142odzkiej Ponad 10 lat do\u015bwiadczenia &#8211; dzia\u0142amy na Ziemi K\u0142odzkiej oferuj\u0105c najwy\u017cszej jako\u015bci us\u0142ugi pralnicze \u2705 Jako\u015b\u0107 na pierwszym miejscu &#8211; dbamy o ka\u017cdy szczeg\u00f3\u0142, stosujemy najlepsze \u015brodki i nowoczesne technologie prania. \u2705 Ekskluzywna wsp\u00f3\u0142praca &#8211; obs\u0142ugujemy tylko wybrane obiekty, zapewniaj\u0105c indywidualne podej\u015bcie i pe\u0142ne [&hellip;]<\/p>\n","protected":false},"author":1,"featured_media":0,"parent":0,"menu_order":0,"comment_status":"closed","ping_status":"closed","template":"","meta":{"footnotes":""},"class_list":["post-6","page","type-page","status-publish","hentry"],"blocksy_meta":{"page_title_panel":"","has_hero_section":"disabled","4c99f9e3e087d19663bd649ab6780b1c":"","hero_section":"type-1","hero_elements":[{"id":"custom_title","enabled":true,"heading_tag":"h1","title":"Home"},{"id":"custom_description","enabled":true,"description_visibility":{"desktop":true,"tablet":true,"mobile":false}},{"id":"custom_meta","enabled":false,"meta_elements":[{"id":"author","enabled":true,"label":"By","has_author_avatar":"yes","avatar_size":25},{"id":"post_date","enabled":true,"label":"On","date_format_source":"default","date_format":"M j, Y"},{"id":"updated_date","enabled":false,"label":"On","date_format_source":"default","date_format":"M j, Y"},{"id":"categories","enabled":false,"label":"In","style":"simple"},{"id":"comments","enabled":true}],"page_meta_elements":{"joined":true,"articles_count":true,"comments":true}},{"id":"breadcrumbs","enabled":false}],"df58fd8e1d1cbd5818f029fb418db3dd":"","hero_alignment1":"CT_CSS_SKIP_RULE","hero_margin":40,"hero_alignment2":"center","hero_vertical_alignment":"center","4f7465e4064dc7aa0beefa56d6e2c076":"","hero_structure":"narrow","767489143f2631bd3e3fa3bc1d63e533":"","page_title_bg_type":"featured_image","custom_hero_background":{"attachment_id":null},"page_title_image_size":"full","parallax":{"desktop":false,"tablet":false,"mobile":false},"642790cc9d0af3668d8083baf82f7995":"","hero_height":"250px","pageTitleFont":{"family":"Default","variation":"Default","size":"30px","line-height":"CT_CSS_SKIP_RULE","letter-spacing":"CT_CSS_SKIP_RULE","text-transform":"CT_CSS_SKIP_RULE","text-decoration":"CT_CSS_SKIP_RULE"},"pageTitleFontColor":{"default":{"color":"CT_CSS_SKIP_RULEDEFAULT"}},"pageMetaFont":{"family":"Default","variation":"n6","size":"12px","line-height":"1.3","letter-spacing":"CT_CSS_SKIP_RULE","text-transform":"uppercase","text-decoration":"CT_CSS_SKIP_RULE"},"pageMetaFontColor":{"default":{"color":"CT_CSS_SKIP_RULEDEFAULT"},"hover":{"color":"CT_CSS_SKIP_RULEDEFAULT"}},"page_meta_button_type_font_colors":{"default":{"color":"CT_CSS_SKIP_RULEDEFAULT"},"hover":{"color":"CT_CSS_SKIP_RULEDEFAULT"}},"page_meta_button_type_background_colors":{"default":{"color":"CT_CSS_SKIP_RULEDEFAULT"},"hover":{"color":"CT_CSS_SKIP_RULEDEFAULT"}},"pageExcerptFont":{"family":"Default","variation":"Default","size":"CT_CSS_SKIP_RULE","line-height":"CT_CSS_SKIP_RULE","letter-spacing":"CT_CSS_SKIP_RULE","text-transform":"CT_CSS_SKIP_RULE","text-decoration":"CT_CSS_SKIP_RULE"},"pageExcerptColor":{"default":{"color":"CT_CSS_SKIP_RULEDEFAULT"}},"breadcrumbsFont":{"family":"Default","variation":"Default","size":"CT_CSS_SKIP_RULE","line-height":"CT_CSS_SKIP_RULE","letter-spacing":"CT_CSS_SKIP_RULE","text-transform":"CT_CSS_SKIP_RULE","text-decoration":"CT_CSS_SKIP_RULE"},"breadcrumbsFontColor":{"default":{"color":"CT_CSS_SKIP_RULEDEFAULT"},"initial":{"color":"CT_CSS_SKIP_RULEDEFAULT"},"hover":{"color":"CT_CSS_SKIP_RULEDEFAULT"}},"pageTitleOverlay":{"background_type":"color","background_pattern":"type-1","background_image":{"attachment_id":null,"x":0,"y":0},"gradient":"linear-gradient(135deg,rgba(6,147,227,1) 0%,rgb(155,81,224) 100%)","background_repeat":"repeat","background_size":"auto","background_attachment":"scroll","patternColor":{"default":{"color":"#e5e7ea"}},"overlayColor":{"default":{"color":"CT_CSS_SKIP_RULE"}},"backgroundColor":{"default":{"color":"CT_CSS_SKIP_RULE"}}},"pageTitleBackground":{"background_type":"color","background_pattern":"type-1","background_image":{"attachment_id":null,"x":0,"y":0},"gradient":"linear-gradient(135deg,rgba(6,147,227,1) 0%,rgb(155,81,224) 100%)","background_repeat":"repeat","background_size":"auto","background_attachment":"scroll","patternColor":{"default":{"color":"#e5e7ea"}},"overlayColor":{"default":{"color":"CT_CSS_SKIP_RULE"}},"backgroundColor":{"default":{"color":"var(--theme-palette-color-6)"}}},"pageTitlePadding":{"top":"50px","bottom":"50px","left":"auto","right":"auto","linked":true},"3b8bca013b84ae5f1a376ecc38b20887":"","page_structure_type":"default","cf59e697dd47e76f37f8cbe80dd70c60":"","content_style_source":"inherit","content_style":"wide","vertical_spacing_source":"custom","content_area_spacing":"none","background":{"background_type":"color","background_pattern":"type-1","background_image":{"attachment_id":null,"x":0,"y":0},"gradient":"linear-gradient(135deg,rgba(6,147,227,1) 0%,rgb(155,81,224) 100%)","background_repeat":"repeat","background_size":"auto","background_attachment":"scroll","patternColor":{"default":{"color":"#e5e7ea"}},"overlayColor":{"default":{"color":"CT_CSS_SKIP_RULE"}},"backgroundColor":{"default":{"color":"CT_CSS_SKIP_RULE"}}},"content_background":{"background_type":"color","background_pattern":"type-1","background_image":{"attachment_id":null,"x":0,"y":0},"gradient":"linear-gradient(135deg,rgba(6,147,227,1) 0%,rgb(155,81,224) 100%)","background_repeat":"repeat","background_size":"auto","background_attachment":"scroll","patternColor":{"default":{"color":"#e5e7ea"}},"overlayColor":{"default":{"color":"CT_CSS_SKIP_RULE"}},"backgroundColor":{"default":{"color":"var(--theme-palette-color-8)"}}},"content_boxed_shadow":{"inherit":false,"blur":18,"spread":-6,"v_offset":12,"h_offset":0,"inset":false,"enable":true,"color":{"color":"rgba(34, 56, 101, 0.04)"}},"content_boxed_border":{"width":1,"style":"none","color":{"color":"rgba(44,62,80,0.2)"}},"content_boxed_radius":{"top":"3px","bottom":"3px","left":"3px","right":"3px","linked":true},"boxed_content_spacing":{"desktop":{"top":"40px","bottom":"40px","left":"40px","right":"40px","linked":true},"tablet":{"top":"35px","bottom":"35px","left":"35px","right":"35px","linked":true},"mobile":{"top":"20px","bottom":"20px","left":"20px","right":"20px","linked":true}},"93639a98137cf3da4a3377b3f873e5c3":"","disable_featured_image":"no","disable_share_box":"no","disable_header":"no","disable_footer":"no","styles_descriptor":{"styles":{"desktop":"","tablet":"","mobile":""},"google_fonts":[],"version":6}},"_links":{"self":[{"href":"https:\/\/pralnia-ara.pl\/index.php?rest_route=\/wp\/v2\/pages\/6"}],"collection":[{"href":"https:\/\/pralnia-ara.pl\/index.php?rest_route=\/wp\/v2\/pages"}],"about":[{"href":"https:\/\/pralnia-ara.pl\/index.php?rest_route=\/wp\/v2\/types\/page"}],"author":[{"embeddable":true,"href":"https:\/\/pralnia-ara.pl\/index.php?rest_route=\/wp\/v2\/users\/1"}],"replies":[{"embeddable":true,"href":"https:\/\/pralnia-ara.pl\/index.php?rest_route=%2Fwp%2Fv2%2Fcomments&post=6"}],"version-history":[{"count":23,"href":"https:\/\/pralnia-ara.pl\/index.php?rest_route=\/wp\/v2\/pages\/6\/revisions"}],"predecessor-version":[{"id":706,"href":"https:\/\/pralnia-ara.pl\/index.php?rest_route=\/wp\/v2\/pages\/6\/revisions\/706"}],"wp:attachment":[{"href":"https:\/\/pralnia-ara.pl\/index.php?rest_route=%2Fwp%2Fv2%2Fmedia&parent=6"}],"curies":[{"name":"wp","href":"https:\/\/api.w.org\/{rel}","templated":true}]}}